{"id":32870,"date":"2023-06-01T10:36:52","date_gmt":"2023-06-01T08:36:52","guid":{"rendered":"https:\/\/tasemangosa.com\/term-of-use\/"},"modified":"2025-10-07T11:14:26","modified_gmt":"2025-10-07T09:14:26","slug":"term-of-use","status":"publish","type":"page","link":"https:\/\/tasemangosa.com\/de\/term-of-use\/","title":{"rendered":"Bedingungen f\u00fcr die Nutzung"},"content":{"rendered":"<h2 data-start=\"504\" data-end=\"517\">Objekt<\/h2>\n<p data-start=\"518\" data-end=\"611\">Diese Website dient der allgemeinen Information \u00fcber die angebotenen Dienstleistungen.<\/p>\n<h2 data-start=\"613\" data-end=\"640\">Nutzung der Website<\/h2>\n<p data-start=\"641\" data-end=\"833\">Der Nutzer erkennt an, dass er die Website auf eigene Verantwortung nutzt. Der Eigent\u00fcmer der Website kann nicht f\u00fcr Fehler, Auslassungen oder zeitweilige Nichtverf\u00fcgbarkeit verantwortlich gemacht werden.<\/p>\n<h2 data-start=\"835\" data-end=\"863\">Entwicklung des Inhalts<\/h2>\n<p data-start=\"864\" data-end=\"976\">Der Inhalt der Website dient nur zu Informationszwecken und kann jederzeit ohne Vorank\u00fcndigung ge\u00e4ndert oder aktualisiert werden.<\/p>\n<h2 data-start=\"978\" data-end=\"1002\">Anwendbares Recht<\/h2>\n<p data-start=\"1003\" data-end=\"1114\">Die vorliegenden Bedingungen unterliegen dem Recht des Landes, in dem die Aktivit\u00e4ten der Website ans\u00e4ssig sind.<\/p>\n","protected":false},"excerpt":{"rendered":"<p>Objekt Diese Website dient der allgemeinen Information \u00fcber die angebotenen Dienstleistungen. Nutzung der Website Der Nutzer erkennt an, dass er die Website auf eigene Verantwortung nutzt. Der Eigent\u00fcmer der Website kann nicht f\u00fcr Fehler, Auslassungen oder zeitweilige Nichtverf\u00fcgbarkeit verantwortlich gemacht werden. Entwicklung des Inhalts Der Inhalt der Website dient nur zu Informationszwecken und kann jederzeit [&hellip;]<\/p>\n","protected":false},"author":1,"featured_media":0,"parent":0,"menu_order":0,"comment_status":"closed","ping_status":"closed","template":"","meta":{"_acf_changed":false,"footnotes":""},"class_list":["post-32870","page","type-page","status-publish","hentry"],"acf":[],"yoast_head":"<!-- This site is optimized with the Yoast SEO Premium plugin v21.5 (Yoast SEO v27.4) - https:\/\/yoast.com\/product\/yoast-seo-premium-wordpress\/ -->\n<title>-<\/title>\n<meta name=\"robots\" content=\"noindex, follow\" \/>\n<meta property=\"og:locale\" content=\"de_DE\" \/>\n<meta property=\"og:type\" content=\"article\" \/>\n<meta property=\"og:title\" content=\"Bedingungen f\u00fcr die Nutzung\" \/>\n<meta property=\"og:description\" content=\"Objekt Diese Website dient der allgemeinen Information \u00fcber die angebotenen Dienstleistungen. Nutzung der Website Der Nutzer erkennt an, dass er die Website auf eigene Verantwortung nutzt. Der Eigent\u00fcmer der Website kann nicht f\u00fcr Fehler, Auslassungen oder zeitweilige Nichtverf\u00fcgbarkeit verantwortlich gemacht werden. Entwicklung des Inhalts Der Inhalt der Website dient nur zu Informationszwecken und kann jederzeit [&hellip;]\" \/>\n<meta property=\"og:url\" content=\"https:\/\/tasemangosa.com\/de\/term-of-use\/\" \/>\n<meta property=\"og:site_name\" content=\"Safari\" \/>\n<meta property=\"article:modified_time\" content=\"2025-10-07T09:14:26+00:00\" \/>\n<meta name=\"twitter:card\" content=\"summary_large_image\" \/>\n<script type=\"application\/ld+json\" class=\"yoast-schema-graph\">{\"@context\":\"https:\\\/\\\/schema.org\",\"@graph\":[{\"@type\":\"WebPage\",\"@id\":\"https:\\\/\\\/tasemangosa.com\\\/de\\\/term-of-use\\\/\",\"url\":\"https:\\\/\\\/tasemangosa.com\\\/de\\\/term-of-use\\\/\",\"name\":\"-\",\"isPartOf\":{\"@id\":\"https:\\\/\\\/tasemangosa.com\\\/de\\\/#website\"},\"datePublished\":\"2023-06-01T08:36:52+00:00\",\"dateModified\":\"2025-10-07T09:14:26+00:00\",\"breadcrumb\":{\"@id\":\"https:\\\/\\\/tasemangosa.com\\\/de\\\/term-of-use\\\/#breadcrumb\"},\"inLanguage\":\"de\",\"potentialAction\":[{\"@type\":\"ReadAction\",\"target\":[\"https:\\\/\\\/tasemangosa.com\\\/de\\\/term-of-use\\\/\"]}]},{\"@type\":\"BreadcrumbList\",\"@id\":\"https:\\\/\\\/tasemangosa.com\\\/de\\\/term-of-use\\\/#breadcrumb\",\"itemListElement\":[{\"@type\":\"ListItem\",\"position\":1,\"name\":\"Startseite\",\"item\":\"https:\\\/\\\/tasemangosa.com\\\/de\\\/accueil\\\/\"},{\"@type\":\"ListItem\",\"position\":2,\"name\":\"Bedingungen f\u00fcr die Nutzung\"}]},{\"@type\":\"WebSite\",\"@id\":\"https:\\\/\\\/tasemangosa.com\\\/de\\\/#website\",\"url\":\"https:\\\/\\\/tasemangosa.com\\\/de\\\/\",\"name\":\"tasemangosa.com\",\"description\":\"Die Website Tasemango Safari Adventures ist ein Informations- und Werbemittel f\u00fcr Safaris in Tansania, f\u00fcr Ausfl\u00fcge auf die Inseln des Sansibar-Archipels und f\u00fcr die Besteigung des Kilimandjaro.\",\"publisher\":{\"@id\":\"https:\\\/\\\/tasemangosa.com\\\/de\\\/#organization\"},\"potentialAction\":[{\"@type\":\"SearchAction\",\"target\":{\"@type\":\"EntryPoint\",\"urlTemplate\":\"https:\\\/\\\/tasemangosa.com\\\/de\\\/?s={search_term_string}\"},\"query-input\":{\"@type\":\"PropertyValueSpecification\",\"valueRequired\":true,\"valueName\":\"search_term_string\"}}],\"inLanguage\":\"de\"},{\"@type\":\"Organization\",\"@id\":\"https:\\\/\\\/tasemangosa.com\\\/de\\\/#organization\",\"name\":\"Tasemango\",\"url\":\"https:\\\/\\\/tasemangosa.com\\\/de\\\/\",\"logo\":{\"@type\":\"ImageObject\",\"inLanguage\":\"de\",\"@id\":\"https:\\\/\\\/tasemangosa.com\\\/de\\\/#\\\/schema\\\/logo\\\/image\\\/\",\"url\":\"https:\\\/\\\/tasemangosa.com\\\/wp-content\\\/uploads\\\/2023\\\/06\\\/Logo-new-color.png\",\"contentUrl\":\"https:\\\/\\\/tasemangosa.com\\\/wp-content\\\/uploads\\\/2023\\\/06\\\/Logo-new-color.png\",\"width\":2048,\"height\":543,\"caption\":\"Tasemango\"},\"image\":{\"@id\":\"https:\\\/\\\/tasemangosa.com\\\/de\\\/#\\\/schema\\\/logo\\\/image\\\/\"}}]}<\/script>\n<!-- \/ Yoast SEO Premium plugin. -->","yoast_head_json":{"title":"-","robots":{"index":"noindex","follow":"follow"},"og_locale":"de_DE","og_type":"article","og_title":"Bedingungen f\u00fcr die Nutzung","og_description":"Objekt Diese Website dient der allgemeinen Information \u00fcber die angebotenen Dienstleistungen. Nutzung der Website Der Nutzer erkennt an, dass er die Website auf eigene Verantwortung nutzt. Der Eigent\u00fcmer der Website kann nicht f\u00fcr Fehler, Auslassungen oder zeitweilige Nichtverf\u00fcgbarkeit verantwortlich gemacht werden. Entwicklung des Inhalts Der Inhalt der Website dient nur zu Informationszwecken und kann jederzeit [&hellip;]","og_url":"https:\/\/tasemangosa.com\/de\/term-of-use\/","og_site_name":"Safari","article_modified_time":"2025-10-07T09:14:26+00:00","twitter_card":"summary_large_image","schema":{"@context":"https:\/\/schema.org","@graph":[{"@type":"WebPage","@id":"https:\/\/tasemangosa.com\/de\/term-of-use\/","url":"https:\/\/tasemangosa.com\/de\/term-of-use\/","name":"-","isPartOf":{"@id":"https:\/\/tasemangosa.com\/de\/#website"},"datePublished":"2023-06-01T08:36:52+00:00","dateModified":"2025-10-07T09:14:26+00:00","breadcrumb":{"@id":"https:\/\/tasemangosa.com\/de\/term-of-use\/#breadcrumb"},"inLanguage":"de","potentialAction":[{"@type":"ReadAction","target":["https:\/\/tasemangosa.com\/de\/term-of-use\/"]}]},{"@type":"BreadcrumbList","@id":"https:\/\/tasemangosa.com\/de\/term-of-use\/#breadcrumb","itemListElement":[{"@type":"ListItem","position":1,"name":"Startseite","item":"https:\/\/tasemangosa.com\/de\/accueil\/"},{"@type":"ListItem","position":2,"name":"Bedingungen f\u00fcr die Nutzung"}]},{"@type":"WebSite","@id":"https:\/\/tasemangosa.com\/de\/#website","url":"https:\/\/tasemangosa.com\/de\/","name":"tasemangosa.com","description":"Die Website Tasemango Safari Adventures ist ein Informations- und Werbemittel f\u00fcr Safaris in Tansania, f\u00fcr Ausfl\u00fcge auf die Inseln des Sansibar-Archipels und f\u00fcr die Besteigung des Kilimandjaro.","publisher":{"@id":"https:\/\/tasemangosa.com\/de\/#organization"},"potentialAction":[{"@type":"SearchAction","target":{"@type":"EntryPoint","urlTemplate":"https:\/\/tasemangosa.com\/de\/?s={search_term_string}"},"query-input":{"@type":"PropertyValueSpecification","valueRequired":true,"valueName":"search_term_string"}}],"inLanguage":"de"},{"@type":"Organization","@id":"https:\/\/tasemangosa.com\/de\/#organization","name":"Tasemango","url":"https:\/\/tasemangosa.com\/de\/","logo":{"@type":"ImageObject","inLanguage":"de","@id":"https:\/\/tasemangosa.com\/de\/#\/schema\/logo\/image\/","url":"https:\/\/tasemangosa.com\/wp-content\/uploads\/2023\/06\/Logo-new-color.png","contentUrl":"https:\/\/tasemangosa.com\/wp-content\/uploads\/2023\/06\/Logo-new-color.png","width":2048,"height":543,"caption":"Tasemango"},"image":{"@id":"https:\/\/tasemangosa.com\/de\/#\/schema\/logo\/image\/"}}]}},"_links":{"self":[{"href":"https:\/\/tasemangosa.com\/de\/wp-json\/wp\/v2\/pages\/32870","targetHints":{"allow":["GET"]}}],"collection":[{"href":"https:\/\/tasemangosa.com\/de\/wp-json\/wp\/v2\/pages"}],"about":[{"href":"https:\/\/tasemangosa.com\/de\/wp-json\/wp\/v2\/types\/page"}],"author":[{"embeddable":true,"href":"https:\/\/tasemangosa.com\/de\/wp-json\/wp\/v2\/users\/1"}],"replies":[{"embeddable":true,"href":"https:\/\/tasemangosa.com\/de\/wp-json\/wp\/v2\/comments?post=32870"}],"version-history":[{"count":3,"href":"https:\/\/tasemangosa.com\/de\/wp-json\/wp\/v2\/pages\/32870\/revisions"}],"predecessor-version":[{"id":33798,"href":"https:\/\/tasemangosa.com\/de\/wp-json\/wp\/v2\/pages\/32870\/revisions\/33798"}],"wp:attachment":[{"href":"https:\/\/tasemangosa.com\/de\/wp-json\/wp\/v2\/media?parent=32870"}],"curies":[{"name":"wp","href":"https:\/\/api.w.org\/{rel}","templated":true}]}}