{"id":32861,"date":"2023-06-01T10:36:43","date_gmt":"2023-06-01T08:36:43","guid":{"rendered":"https:\/\/tasemangosa.com\/datenschutzrichtlinie\/"},"modified":"2025-10-07T14:00:22","modified_gmt":"2025-10-07T12:00:22","slug":"privacy-policy","status":"publish","type":"page","link":"https:\/\/tasemangosa.com\/de\/privacy-policy\/","title":{"rendered":"Datenschutzrichtlinie"},"content":{"rendered":"\t\t<div data-elementor-type=\"wp-page\" data-elementor-id=\"32861\" class=\"elementor elementor-32861 elementor-28875\" data-elementor-post-type=\"page\">\n\t\t\t\t<div class=\"elementor-element elementor-element-45f28a2 e-flex e-con-boxed e-con e-parent\" data-id=\"45f28a2\" data-element_type=\"container\" data-e-type=\"container\">\n\t\t\t\t\t<div class=\"e-con-inner\">\n\t\t\t\t<div class=\"elementor-element elementor-element-3f004748 elementor-widget elementor-widget-text-editor\" data-id=\"3f004748\" data-element_type=\"widget\" data-e-type=\"widget\" data-widget_type=\"text-editor.default\">\n\t\t\t\t<div class=\"elementor-widget-container\">\n\t\t\t\t\t\t\t\t\t<h2>Qui sommes-nous ?<\/h2>\r\nL\u2019adresse de notre site web est la suivante :\u00a0 https:\/\/tasemangosa.com\/\r\n<h2>Commentaires<\/h2>\r\nLorsque les visiteurs laissent des commentaires sur le site, nous recueillons les donn\u00e9es indiqu\u00e9es dans le formulaire de commentaires, ainsi que l\u2019adresse IP du visiteur et la cha\u00eene d\u2019agent utilisateur du navigateur pour faciliter la d\u00e9tection des spams.\r\n\r\nUne cha\u00eene anonyme cr\u00e9\u00e9e \u00e0 partir de votre adresse \u00e9lectronique (\u00e9galement appel\u00e9e hash) peut \u00eatre fournie au service Gravatar pour savoir si vous l\u2019utilisez. La politique de confidentialit\u00e9 du service Gravatar est disponible ici : https:\/\/automattic.com\/privacy\/. Apr\u00e8s approbation de votre commentaire, votre photo de profil est visible par le public\r\ndans le contexte de votre commentaire.\r\n<h2>M\u00e9dias<\/h2>\r\nSi vous t\u00e9l\u00e9chargez des images sur le site Web, vous devez \u00e9viter de t\u00e9l\u00e9charger des images contenant des donn\u00e9es de localisation int\u00e9gr\u00e9es (GPS EXIF). Les visiteurs du site web peuvent t\u00e9l\u00e9charger et extraire toutes les donn\u00e9es de localisation des images sur le site web.\r\n<h2>Cookies<\/h2>\r\nSi vous laissez un commentaire sur notre site, vous pouvez accepter que votre nom, votre adresse \u00e9lectronique et votre site Web soient enregistr\u00e9s dans des cookies. Ces cookies vous permettent de ne pas avoir \u00e0 remplir \u00e0 nouveau vos coordonn\u00e9es lorsque vous laissez un autre commentaire. Ces cookies ont une dur\u00e9e de vie d\u2019un an.\r\n\r\nSi vous visitez notre page de connexion, nous installerons un cookie temporaire pour d\u00e9terminer si votre navigateur accepte les cookies. Ce cookie ne contient aucune donn\u00e9e personnelle et est supprim\u00e9 lorsque vous fermez votre navigateur.\r\n\r\nLorsque vous vous connecterez, nous installerons \u00e9galement plusieurs cookies pour enregistrer vos informations de connexion et vos choix d\u2019affichage d\u2019\u00e9cran. Les cookies de connexion durent deux jours, et les cookies d\u2019options d\u2019\u00e9cran durent un an. Si vous s\u00e9lectionnez \u00bb Se souvenir de moi \u00ab , votre connexion sera conserv\u00e9e pendant deux semaines. Si vous vous d\u00e9connectez de votre compte, les cookies de connexion seront supprim\u00e9s.\r\n\r\nSi vous modifiez ou publiez un article, un cookie suppl\u00e9mentaire sera enregistr\u00e9 dans votre navigateur. Ce cookie ne comprend aucune donn\u00e9e personnelle et indique simplement l\u2019ID de poste de l\u2019article que vous venez de modifier. Il expire apr\u00e8s 1 jour.\r\n<h2>Contenu int\u00e9gr\u00e9 d\u2019autres sites Web<\/h2>\r\nLes articles de ce site peuvent inclure du contenu int\u00e9gr\u00e9 (par exemple des vid\u00e9os, des images, des articles, etc.). Le contenu int\u00e9gr\u00e9 provenant d\u2019autres sites web se comporte exactement de la m\u00eame mani\u00e8re que si le visiteur avait visit\u00e9 l\u2019autre site web.\r\n\r\nCes sites web peuvent collecter des donn\u00e9es vous concernant, utiliser des cookies, int\u00e9grer un suivi suppl\u00e9mentaire par des tiers et surveiller votre interaction avec ce contenu int\u00e9gr\u00e9, y compris le suivi de votre interaction avec le contenu int\u00e9gr\u00e9 si vous avez un compte et \u00eates connect\u00e9 \u00e0 ce site web.\r\n<h2>Avec qui partageons-nous vos donn\u00e9es ?<\/h2>\r\nSi vous demandez une r\u00e9initialisation du mot de passe, votre adresse IP sera incluse dans l\u2019e-mail de r\u00e9initialisation.\r\n<h2>Combien de temps conservons-nous vos donn\u00e9es ?<\/h2>\r\nSi vous laissez un commentaire, celui-ci et ses m\u00e9tadonn\u00e9es sont conserv\u00e9s ind\u00e9finiment. Cela nous permet de reconna\u00eetre et d\u2019approuver automatiquement tout commentaire ult\u00e9rieur au lieu de le conserver dans une file d\u2019attente de mod\u00e9ration.\r\n\r\nPour les utilisateurs qui s\u2019inscrivent sur notre site web (le cas \u00e9ch\u00e9ant), nous conservons \u00e9galement les informations personnelles qu\u2019ils fournissent dans leur profil d\u2019utilisateur. Tous les utilisateurs peuvent consulter, modifier ou supprimer leurs informations personnelles \u00e0 tout moment (sauf qu\u2019ils ne peuvent pas modifier leur nom d\u2019utilisateur). Les administrateurs du site web peuvent \u00e9galement voir et modifier ces informations.\r\n<h2>Quels sont vos droits sur vos donn\u00e9es ?<\/h2>\r\nSi vous avez un compte sur ce site, ou si vous avez laiss\u00e9 des commentaires, vous pouvez demander \u00e0 recevoir un fichier export\u00e9 des donn\u00e9es personnelles que nous d\u00e9tenons \u00e0 votre sujet, y compris les donn\u00e9es que vous nous avez fournies. Vous pouvez \u00e9galement demander que nous effacions toutes les donn\u00e9es personnelles que nous d\u00e9tenons \u00e0 votre sujet. Cela n\u2019inclut pas les donn\u00e9es que nous sommes oblig\u00e9s de conserver \u00e0 des fins administratives, juridiques ou de s\u00e9curit\u00e9.\r\n<h2>O\u00f9 nous envoyons vos donn\u00e9es?<\/h2>\r\nLes commentaires des visiteurs peuvent \u00eatre v\u00e9rifi\u00e9s par un service automatis\u00e9 de d\u00e9tection des spams.\t\t\t\t\t\t\t\t<\/div>\n\t\t\t\t<\/div>\n\t\t\t\t\t<\/div>\n\t\t\t\t<\/div>\n\t\t\t\t<\/div>\n\t\t","protected":false},"excerpt":{"rendered":"<p>Qui sommes-nous ? L\u2019adresse de notre site web est la suivante :\u00a0 https:\/\/tasemangosa.com\/ Commentaires Lorsque les visiteurs laissent des commentaires sur le site, nous recueillons les donn\u00e9es indiqu\u00e9es dans le formulaire de commentaires, ainsi que l\u2019adresse IP du visiteur et la cha\u00eene d\u2019agent utilisateur du navigateur pour faciliter la d\u00e9tection des spams. Une cha\u00eene anonyme [&hellip;]<\/p>\n","protected":false},"author":1,"featured_media":0,"parent":0,"menu_order":0,"comment_status":"closed","ping_status":"closed","template":"","meta":{"_acf_changed":false,"footnotes":""},"class_list":["post-32861","page","type-page","status-publish","hentry"],"acf":[],"yoast_head":"<!-- This site is optimized with the Yoast SEO Premium plugin v21.5 (Yoast SEO v27.4) - https:\/\/yoast.com\/product\/yoast-seo-premium-wordpress\/ -->\n<title>-<\/title>\n<meta name=\"robots\" content=\"noindex, follow\" \/>\n<meta property=\"og:locale\" content=\"de_DE\" \/>\n<meta property=\"og:type\" content=\"article\" \/>\n<meta property=\"og:title\" content=\"Datenschutzrichtlinie\" \/>\n<meta property=\"og:description\" content=\"Qui sommes-nous ? L\u2019adresse de notre site web est la suivante :\u00a0 https:\/\/tasemangosa.com\/ Commentaires Lorsque les visiteurs laissent des commentaires sur le site, nous recueillons les donn\u00e9es indiqu\u00e9es dans le formulaire de commentaires, ainsi que l\u2019adresse IP du visiteur et la cha\u00eene d\u2019agent utilisateur du navigateur pour faciliter la d\u00e9tection des spams. Une cha\u00eene anonyme [&hellip;]\" \/>\n<meta property=\"og:url\" content=\"https:\/\/tasemangosa.com\/de\/privacy-policy\/\" \/>\n<meta property=\"og:site_name\" content=\"Safari\" \/>\n<meta property=\"article:modified_time\" content=\"2025-10-07T12:00:22+00:00\" \/>\n<meta name=\"twitter:card\" content=\"summary_large_image\" \/>\n<meta name=\"twitter:label1\" content=\"Gesch\u00e4tzte Lesezeit\" \/>\n\t<meta name=\"twitter:data1\" content=\"4\u00a0Minuten\" \/>\n<script type=\"application\/ld+json\" class=\"yoast-schema-graph\">{\"@context\":\"https:\\\/\\\/schema.org\",\"@graph\":[{\"@type\":\"WebPage\",\"@id\":\"https:\\\/\\\/tasemangosa.com\\\/de\\\/privacy-policy\\\/\",\"url\":\"https:\\\/\\\/tasemangosa.com\\\/de\\\/privacy-policy\\\/\",\"name\":\"-\",\"isPartOf\":{\"@id\":\"https:\\\/\\\/tasemangosa.com\\\/de\\\/#website\"},\"datePublished\":\"2023-06-01T08:36:43+00:00\",\"dateModified\":\"2025-10-07T12:00:22+00:00\",\"breadcrumb\":{\"@id\":\"https:\\\/\\\/tasemangosa.com\\\/de\\\/privacy-policy\\\/#breadcrumb\"},\"inLanguage\":\"de\",\"potentialAction\":[{\"@type\":\"ReadAction\",\"target\":[\"https:\\\/\\\/tasemangosa.com\\\/de\\\/privacy-policy\\\/\"]}]},{\"@type\":\"BreadcrumbList\",\"@id\":\"https:\\\/\\\/tasemangosa.com\\\/de\\\/privacy-policy\\\/#breadcrumb\",\"itemListElement\":[{\"@type\":\"ListItem\",\"position\":1,\"name\":\"Startseite\",\"item\":\"https:\\\/\\\/tasemangosa.com\\\/de\\\/accueil\\\/\"},{\"@type\":\"ListItem\",\"position\":2,\"name\":\"Datenschutzrichtlinie\"}]},{\"@type\":\"WebSite\",\"@id\":\"https:\\\/\\\/tasemangosa.com\\\/de\\\/#website\",\"url\":\"https:\\\/\\\/tasemangosa.com\\\/de\\\/\",\"name\":\"tasemangosa.com\",\"description\":\"Die Website Tasemango Safari Adventures ist ein Informations- und Werbemittel f\u00fcr Safaris in Tansania, f\u00fcr Ausfl\u00fcge auf die Inseln des Sansibar-Archipels und f\u00fcr die Besteigung des Kilimandjaro.\",\"publisher\":{\"@id\":\"https:\\\/\\\/tasemangosa.com\\\/de\\\/#organization\"},\"potentialAction\":[{\"@type\":\"SearchAction\",\"target\":{\"@type\":\"EntryPoint\",\"urlTemplate\":\"https:\\\/\\\/tasemangosa.com\\\/de\\\/?s={search_term_string}\"},\"query-input\":{\"@type\":\"PropertyValueSpecification\",\"valueRequired\":true,\"valueName\":\"search_term_string\"}}],\"inLanguage\":\"de\"},{\"@type\":\"Organization\",\"@id\":\"https:\\\/\\\/tasemangosa.com\\\/de\\\/#organization\",\"name\":\"Tasemango\",\"url\":\"https:\\\/\\\/tasemangosa.com\\\/de\\\/\",\"logo\":{\"@type\":\"ImageObject\",\"inLanguage\":\"de\",\"@id\":\"https:\\\/\\\/tasemangosa.com\\\/de\\\/#\\\/schema\\\/logo\\\/image\\\/\",\"url\":\"https:\\\/\\\/tasemangosa.com\\\/wp-content\\\/uploads\\\/2023\\\/06\\\/Logo-new-color.png\",\"contentUrl\":\"https:\\\/\\\/tasemangosa.com\\\/wp-content\\\/uploads\\\/2023\\\/06\\\/Logo-new-color.png\",\"width\":2048,\"height\":543,\"caption\":\"Tasemango\"},\"image\":{\"@id\":\"https:\\\/\\\/tasemangosa.com\\\/de\\\/#\\\/schema\\\/logo\\\/image\\\/\"}}]}<\/script>\n<!-- \/ Yoast SEO Premium plugin. -->","yoast_head_json":{"title":"-","robots":{"index":"noindex","follow":"follow"},"og_locale":"de_DE","og_type":"article","og_title":"Datenschutzrichtlinie","og_description":"Qui sommes-nous ? L\u2019adresse de notre site web est la suivante :\u00a0 https:\/\/tasemangosa.com\/ Commentaires Lorsque les visiteurs laissent des commentaires sur le site, nous recueillons les donn\u00e9es indiqu\u00e9es dans le formulaire de commentaires, ainsi que l\u2019adresse IP du visiteur et la cha\u00eene d\u2019agent utilisateur du navigateur pour faciliter la d\u00e9tection des spams. Une cha\u00eene anonyme [&hellip;]","og_url":"https:\/\/tasemangosa.com\/de\/privacy-policy\/","og_site_name":"Safari","article_modified_time":"2025-10-07T12:00:22+00:00","twitter_card":"summary_large_image","twitter_misc":{"Gesch\u00e4tzte Lesezeit":"4\u00a0Minuten"},"schema":{"@context":"https:\/\/schema.org","@graph":[{"@type":"WebPage","@id":"https:\/\/tasemangosa.com\/de\/privacy-policy\/","url":"https:\/\/tasemangosa.com\/de\/privacy-policy\/","name":"-","isPartOf":{"@id":"https:\/\/tasemangosa.com\/de\/#website"},"datePublished":"2023-06-01T08:36:43+00:00","dateModified":"2025-10-07T12:00:22+00:00","breadcrumb":{"@id":"https:\/\/tasemangosa.com\/de\/privacy-policy\/#breadcrumb"},"inLanguage":"de","potentialAction":[{"@type":"ReadAction","target":["https:\/\/tasemangosa.com\/de\/privacy-policy\/"]}]},{"@type":"BreadcrumbList","@id":"https:\/\/tasemangosa.com\/de\/privacy-policy\/#breadcrumb","itemListElement":[{"@type":"ListItem","position":1,"name":"Startseite","item":"https:\/\/tasemangosa.com\/de\/accueil\/"},{"@type":"ListItem","position":2,"name":"Datenschutzrichtlinie"}]},{"@type":"WebSite","@id":"https:\/\/tasemangosa.com\/de\/#website","url":"https:\/\/tasemangosa.com\/de\/","name":"tasemangosa.com","description":"Die Website Tasemango Safari Adventures ist ein Informations- und Werbemittel f\u00fcr Safaris in Tansania, f\u00fcr Ausfl\u00fcge auf die Inseln des Sansibar-Archipels und f\u00fcr die Besteigung des Kilimandjaro.","publisher":{"@id":"https:\/\/tasemangosa.com\/de\/#organization"},"potentialAction":[{"@type":"SearchAction","target":{"@type":"EntryPoint","urlTemplate":"https:\/\/tasemangosa.com\/de\/?s={search_term_string}"},"query-input":{"@type":"PropertyValueSpecification","valueRequired":true,"valueName":"search_term_string"}}],"inLanguage":"de"},{"@type":"Organization","@id":"https:\/\/tasemangosa.com\/de\/#organization","name":"Tasemango","url":"https:\/\/tasemangosa.com\/de\/","logo":{"@type":"ImageObject","inLanguage":"de","@id":"https:\/\/tasemangosa.com\/de\/#\/schema\/logo\/image\/","url":"https:\/\/tasemangosa.com\/wp-content\/uploads\/2023\/06\/Logo-new-color.png","contentUrl":"https:\/\/tasemangosa.com\/wp-content\/uploads\/2023\/06\/Logo-new-color.png","width":2048,"height":543,"caption":"Tasemango"},"image":{"@id":"https:\/\/tasemangosa.com\/de\/#\/schema\/logo\/image\/"}}]}},"_links":{"self":[{"href":"https:\/\/tasemangosa.com\/de\/wp-json\/wp\/v2\/pages\/32861","targetHints":{"allow":["GET"]}}],"collection":[{"href":"https:\/\/tasemangosa.com\/de\/wp-json\/wp\/v2\/pages"}],"about":[{"href":"https:\/\/tasemangosa.com\/de\/wp-json\/wp\/v2\/types\/page"}],"author":[{"embeddable":true,"href":"https:\/\/tasemangosa.com\/de\/wp-json\/wp\/v2\/users\/1"}],"replies":[{"embeddable":true,"href":"https:\/\/tasemangosa.com\/de\/wp-json\/wp\/v2\/comments?post=32861"}],"version-history":[{"count":2,"href":"https:\/\/tasemangosa.com\/de\/wp-json\/wp\/v2\/pages\/32861\/revisions"}],"predecessor-version":[{"id":33858,"href":"https:\/\/tasemangosa.com\/de\/wp-json\/wp\/v2\/pages\/32861\/revisions\/33858"}],"wp:attachment":[{"href":"https:\/\/tasemangosa.com\/de\/wp-json\/wp\/v2\/media?parent=32861"}],"curies":[{"name":"wp","href":"https:\/\/api.w.org\/{rel}","templated":true}]}}